{"id":4381,"date":"2021-12-23T14:55:56","date_gmt":"2021-12-23T12:55:56","guid":{"rendered":"http:\/\/cltprofi.com\/kiitos-yhteydenotostasi\/"},"modified":"2022-04-21T20:14:59","modified_gmt":"2022-04-21T17:14:59","slug":"kiitos-yhteydenotostasi","status":"publish","type":"page","link":"https:\/\/cltprofi.com\/fi\/kiitos-yhteydenotostasi\/","title":{"rendered":"Kiitos yhteydenotostasi"},"content":{"rendered":"\t\t<div data-elementor-type=\"wp-page\" data-elementor-id=\"4381\" class=\"elementor elementor-4381 elementor-36\">\n\t\t\t\t\t\t\t\t\t<section class=\"elementor-section elementor-top-section elementor-element elementor-element-f23e4b6 elementor-section-boxed elementor-section-height-default elementor-section-height-default\" data-id=\"f23e4b6\" data-element_type=\"section\">\n\t\t\t\t\t\t<div class=\"elementor-container elementor-column-gap-default\">\n\t\t\t\t\t<div class=\"elementor-column elementor-col-100 elementor-top-column elementor-element elementor-element-b7ed08b\" data-id=\"b7ed08b\" data-element_type=\"column\">\n\t\t\t<div class=\"elementor-widget-wrap elementor-element-populated\">\n\t\t\t\t\t\t\t\t<div class=\"elementor-element elementor-element-554c615 elementor-align-center elementor-widget elementor-widget-lottie\" data-id=\"554c615\" data-element_type=\"widget\" data-settings=\"{&quot;source_json&quot;:{&quot;url&quot;:&quot;http:\\\/\\\/cltprofi.goweb.lv\\\/wp-content\\\/uploads\\\/2021\\\/12\\\/lf30_editor_fjmj3jx6.json&quot;,&quot;id&quot;:71,&quot;alt&quot;:&quot;&quot;,&quot;source&quot;:&quot;library&quot;},&quot;source&quot;:&quot;media_file&quot;,&quot;caption_source&quot;:&quot;none&quot;,&quot;link_to&quot;:&quot;none&quot;,&quot;trigger&quot;:&quot;arriving_to_viewport&quot;,&quot;viewport&quot;:{&quot;unit&quot;:&quot;%&quot;,&quot;size&quot;:&quot;&quot;,&quot;sizes&quot;:{&quot;start&quot;:0,&quot;end&quot;:100}},&quot;play_speed&quot;:{&quot;unit&quot;:&quot;px&quot;,&quot;size&quot;:1,&quot;sizes&quot;:[]},&quot;start_point&quot;:{&quot;unit&quot;:&quot;%&quot;,&quot;size&quot;:&quot;0&quot;,&quot;sizes&quot;:[]},&quot;end_point&quot;:{&quot;unit&quot;:&quot;%&quot;,&quot;size&quot;:&quot;100&quot;,&quot;sizes&quot;:[]},&quot;renderer&quot;:&quot;svg&quot;}\" data-widget_type=\"lottie.default\">\n\t\t\t\t<div class=\"elementor-widget-container\">\n\t\t\t<style>\/*! elementor-pro - v3.7.7 - 20-09-2022 *\/\n.e-lottie__container{display:inline-block;max-width:var(--lottie-container-max-width);width:var(--lottie-container-width);opacity:var(--lottie-container-opacity)}.e-lottie__container:hover{opacity:var(--lottie-container-opacity-hover);-webkit-transition-duration:var(--lottie-container-transition-duration-hover);-o-transition-duration:var(--lottie-container-transition-duration-hover);transition-duration:var(--lottie-container-transition-duration-hover)}.e-lottie__container svg,.e-lottie__container svg *{-webkit-transition:none!important;-o-transition:none!important;transition:none!important}.e-lottie__caption{color:var(--caption-color);margin-top:var(--caption-margin-top);text-align:var(--caption-text-align)}<\/style><div class=\"e-lottie__container\"><div class=\"e-lottie__animation\"><\/div><\/div>\t\t<\/div>\n\t\t\t\t<\/div>\n\t\t\t\t<div class=\"elementor-element elementor-element-c661d10 elementor-widget elementor-widget-heading\" data-id=\"c661d10\" data-element_type=\"widget\" data-widget_type=\"heading.default\">\n\t\t\t\t<div class=\"elementor-widget-container\">\n\t\t\t<style>\/*! elementor - v3.7.8 - 02-10-2022 *\/\n.elementor-heading-title{padding:0;margin:0;line-height:1}.elementor-widget-heading .elementor-heading-title[class*=elementor-size-]>a{color:inherit;font-size:inherit;line-height:inherit}.elementor-widget-heading .elementor-heading-title.elementor-size-small{font-size:15px}.elementor-widget-heading .elementor-heading-title.elementor-size-medium{font-size:19px}.elementor-widget-heading .elementor-heading-title.elementor-size-large{font-size:29px}.elementor-widget-heading .elementor-heading-title.elementor-size-xl{font-size:39px}.elementor-widget-heading .elementor-heading-title.elementor-size-xxl{font-size:59px}<\/style><div class=\"elementor-heading-title elementor-size-default\">Viesti l\u00e4hetetty<\/div>\t\t<\/div>\n\t\t\t\t<\/div>\n\t\t\t\t<div class=\"elementor-element elementor-element-ddafa7d elementor-widget elementor-widget-heading\" data-id=\"ddafa7d\" data-element_type=\"widget\" data-widget_type=\"heading.default\">\n\t\t\t\t<div class=\"elementor-widget-container\">\n\t\t\t<h1 class=\"elementor-heading-title elementor-size-default\">Kiitos<\/h1>\t\t<\/div>\n\t\t\t\t<\/div>\n\t\t\t\t<div class=\"elementor-element elementor-element-c209196 elementor-widget elementor-widget-text-editor\" data-id=\"c209196\" data-element_type=\"widget\" data-widget_type=\"text-editor.default\">\n\t\t\t\t<div class=\"elementor-widget-container\">\n\t\t\t<style>\/*! elementor - v3.7.8 - 02-10-2022 *\/\n.elementor-widget-text-editor.elementor-drop-cap-view-stacked .elementor-drop-cap{background-color:#818a91;color:#fff}.elementor-widget-text-editor.elementor-drop-cap-view-framed .elementor-drop-cap{color:#818a91;border:3px solid;background-color:transparent}.elementor-widget-text-editor:not(.elementor-drop-cap-view-default) .elementor-drop-cap{margin-top:8px}.elementor-widget-text-editor:not(.elementor-drop-cap-view-default) .elementor-drop-cap-letter{width:1em;height:1em}.elementor-widget-text-editor .elementor-drop-cap{float:left;text-align:center;line-height:1;font-size:50px}.elementor-widget-text-editor .elementor-drop-cap-letter{display:inline-block}<\/style>\t\t\t\t<p>Viestisi on l\u00e4hetetty. Vastaamme siihen kahden ty\u00f6p\u00e4iv\u00e4n kuluessa.<\/p>\t\t\t\t\t\t<\/div>\n\t\t\t\t<\/div>\n\t\t\t\t<div class=\"elementor-element elementor-element-42bfbe2 elementor-align-center elementor-widget elementor-widget-button\" data-id=\"42bfbe2\" data-element_type=\"widget\" data-widget_type=\"button.default\">\n\t\t\t\t<div class=\"elementor-widget-container\">\n\t\t\t\t\t<div class=\"elementor-button-wrapper\">\n\t\t\t<a href=\"https:\/\/cltprofi.com\/fi\/\" class=\"elementor-button-link elementor-button elementor-size-sm\" role=\"button\">\n\t\t\t\t\t\t<span class=\"elementor-button-content-wrapper\">\n\t\t\t\t\t\t<span class=\"elementor-button-text\">Takaisin kotisivulle<\/span>\n\t\t<\/span>\n\t\t\t\t\t<\/a>\n\t\t<\/div>\n\t\t\t\t<\/div>\n\t\t\t\t<\/div>\n\t\t\t\t\t<\/div>\n\t\t<\/div>\n\t\t\t\t\t\t\t<\/div>\n\t\t<\/section>\n\t\t\t\t\t\t\t<\/div>\n\t\t","protected":false},"excerpt":{"rendered":"<p>Viesti l\u00e4hetetty Kiitos Viestisi on l\u00e4hetetty. Vastaamme siihen kahden ty\u00f6p\u00e4iv\u00e4n kuluessa. Takaisin kotisivulle<\/p>\n","protected":false},"author":1,"featured_media":2637,"parent":0,"menu_order":0,"comment_status":"closed","ping_status":"closed","template":"","meta":[],"yoast_head":"<!-- This site is optimized with the Yoast SEO plugin v19.8 - https:\/\/yoast.com\/wordpress\/plugins\/seo\/ -->\n<title>Kiitos yhteydenotostasi | CLT Profi<\/title>\n<meta name=\"description\" content=\"Kiitos, ett\u00e4 otit yhteytt\u00e4 CLT Profiin. Edustajamme ottaa sinuun pian yhteytt\u00e4.\" \/>\n<meta name=\"robots\" content=\"index, follow, max-snippet:-1, max-image-preview:large, max-video-preview:-1\" \/>\n<link rel=\"canonical\" href=\"https:\/\/cltprofi.com\/fi\/kiitos-yhteydenotostasi\/\" \/>\n<meta property=\"og:locale\" content=\"fi_FI\" \/>\n<meta property=\"og:type\" content=\"article\" \/>\n<meta property=\"og:title\" content=\"Kiitos yhteydenotostasi | CLT Profi\" \/>\n<meta property=\"og:description\" content=\"Kiitos, ett\u00e4 otit yhteytt\u00e4 CLT Profiin. Edustajamme ottaa sinuun pian yhteytt\u00e4.\" \/>\n<meta property=\"og:url\" content=\"https:\/\/cltprofi.com\/fi\/kiitos-yhteydenotostasi\/\" \/>\n<meta property=\"og:site_name\" content=\"CLT Profi\" \/>\n<meta property=\"article:modified_time\" content=\"2022-04-21T17:14:59+00:00\" \/>\n<meta property=\"og:image\" content=\"https:\/\/cltprofi.com\/wp-content\/uploads\/2022\/02\/cltprofi-assets-homeapage-supply.jpg\" \/>\n\t<meta property=\"og:image:width\" content=\"2000\" \/>\n\t<meta property=\"og:image:height\" content=\"1372\" \/>\n\t<meta property=\"og:image:type\" content=\"image\/jpeg\" \/>\n<meta name=\"twitter:card\" content=\"summary_large_image\" \/>\n<script type=\"application\/ld+json\" class=\"yoast-schema-graph\">{\"@context\":\"https:\/\/schema.org\",\"@graph\":[{\"@type\":\"WebPage\",\"@id\":\"https:\/\/cltprofi.com\/fi\/kiitos-yhteydenotostasi\/\",\"url\":\"https:\/\/cltprofi.com\/fi\/kiitos-yhteydenotostasi\/\",\"name\":\"Kiitos yhteydenotostasi | CLT Profi\",\"isPartOf\":{\"@id\":\"https:\/\/cltprofi.com\/nl\/#website\"},\"datePublished\":\"2021-12-23T12:55:56+00:00\",\"dateModified\":\"2022-04-21T17:14:59+00:00\",\"description\":\"Kiitos, ett\u00e4 otit yhteytt\u00e4 CLT Profiin. Edustajamme ottaa sinuun pian yhteytt\u00e4.\",\"breadcrumb\":{\"@id\":\"https:\/\/cltprofi.com\/fi\/kiitos-yhteydenotostasi\/#breadcrumb\"},\"inLanguage\":\"fi\",\"potentialAction\":[{\"@type\":\"ReadAction\",\"target\":[\"https:\/\/cltprofi.com\/fi\/kiitos-yhteydenotostasi\/\"]}]},{\"@type\":\"BreadcrumbList\",\"@id\":\"https:\/\/cltprofi.com\/fi\/kiitos-yhteydenotostasi\/#breadcrumb\",\"itemListElement\":[{\"@type\":\"ListItem\",\"position\":1,\"name\":\"Home\",\"item\":\"https:\/\/cltprofi.com\/fi\/\"},{\"@type\":\"ListItem\",\"position\":2,\"name\":\"Kiitos yhteydenotostasi\"}]},{\"@type\":\"WebSite\",\"@id\":\"https:\/\/cltprofi.com\/nl\/#website\",\"url\":\"https:\/\/cltprofi.com\/nl\/\",\"name\":\"CLT Profi\",\"description\":\"Cross Laminated Timber panels made in Latvia\",\"publisher\":{\"@id\":\"https:\/\/cltprofi.com\/nl\/#organization\"},\"potentialAction\":[{\"@type\":\"SearchAction\",\"target\":{\"@type\":\"EntryPoint\",\"urlTemplate\":\"https:\/\/cltprofi.com\/nl\/?s={search_term_string}\"},\"query-input\":\"required name=search_term_string\"}],\"inLanguage\":\"fi\"},{\"@type\":\"Organization\",\"@id\":\"https:\/\/cltprofi.com\/nl\/#organization\",\"name\":\"CLT Profi\",\"url\":\"https:\/\/cltprofi.com\/nl\/\",\"sameAs\":[],\"logo\":{\"@type\":\"ImageObject\",\"inLanguage\":\"fi\",\"@id\":\"https:\/\/cltprofi.com\/nl\/#\/schema\/logo\/image\/\",\"url\":\"http:\/\/cltprofi.com\/wp-content\/uploads\/2021\/10\/CLT-PROFI-LOGO-BROWN.svg\",\"contentUrl\":\"http:\/\/cltprofi.com\/wp-content\/uploads\/2021\/10\/CLT-PROFI-LOGO-BROWN.svg\",\"width\":94,\"height\":57,\"caption\":\"CLT Profi\"},\"image\":{\"@id\":\"https:\/\/cltprofi.com\/nl\/#\/schema\/logo\/image\/\"}}]}<\/script>\n<!-- \/ Yoast SEO plugin. -->","yoast_head_json":{"title":"Kiitos yhteydenotostasi | CLT Profi","description":"Kiitos, ett\u00e4 otit yhteytt\u00e4 CLT Profiin. Edustajamme ottaa sinuun pian yhteytt\u00e4.","robots":{"index":"index","follow":"follow","max-snippet":"max-snippet:-1","max-image-preview":"max-image-preview:large","max-video-preview":"max-video-preview:-1"},"canonical":"https:\/\/cltprofi.com\/fi\/kiitos-yhteydenotostasi\/","og_locale":"fi_FI","og_type":"article","og_title":"Kiitos yhteydenotostasi | CLT Profi","og_description":"Kiitos, ett\u00e4 otit yhteytt\u00e4 CLT Profiin. Edustajamme ottaa sinuun pian yhteytt\u00e4.","og_url":"https:\/\/cltprofi.com\/fi\/kiitos-yhteydenotostasi\/","og_site_name":"CLT Profi","article_modified_time":"2022-04-21T17:14:59+00:00","og_image":[{"width":2000,"height":1372,"url":"https:\/\/cltprofi.com\/wp-content\/uploads\/2022\/02\/cltprofi-assets-homeapage-supply.jpg","type":"image\/jpeg"}],"twitter_card":"summary_large_image","schema":{"@context":"https:\/\/schema.org","@graph":[{"@type":"WebPage","@id":"https:\/\/cltprofi.com\/fi\/kiitos-yhteydenotostasi\/","url":"https:\/\/cltprofi.com\/fi\/kiitos-yhteydenotostasi\/","name":"Kiitos yhteydenotostasi | CLT Profi","isPartOf":{"@id":"https:\/\/cltprofi.com\/nl\/#website"},"datePublished":"2021-12-23T12:55:56+00:00","dateModified":"2022-04-21T17:14:59+00:00","description":"Kiitos, ett\u00e4 otit yhteytt\u00e4 CLT Profiin. Edustajamme ottaa sinuun pian yhteytt\u00e4.","breadcrumb":{"@id":"https:\/\/cltprofi.com\/fi\/kiitos-yhteydenotostasi\/#breadcrumb"},"inLanguage":"fi","potentialAction":[{"@type":"ReadAction","target":["https:\/\/cltprofi.com\/fi\/kiitos-yhteydenotostasi\/"]}]},{"@type":"BreadcrumbList","@id":"https:\/\/cltprofi.com\/fi\/kiitos-yhteydenotostasi\/#breadcrumb","itemListElement":[{"@type":"ListItem","position":1,"name":"Home","item":"https:\/\/cltprofi.com\/fi\/"},{"@type":"ListItem","position":2,"name":"Kiitos yhteydenotostasi"}]},{"@type":"WebSite","@id":"https:\/\/cltprofi.com\/nl\/#website","url":"https:\/\/cltprofi.com\/nl\/","name":"CLT Profi","description":"Cross Laminated Timber panels made in Latvia","publisher":{"@id":"https:\/\/cltprofi.com\/nl\/#organization"},"potentialAction":[{"@type":"SearchAction","target":{"@type":"EntryPoint","urlTemplate":"https:\/\/cltprofi.com\/nl\/?s={search_term_string}"},"query-input":"required name=search_term_string"}],"inLanguage":"fi"},{"@type":"Organization","@id":"https:\/\/cltprofi.com\/nl\/#organization","name":"CLT Profi","url":"https:\/\/cltprofi.com\/nl\/","sameAs":[],"logo":{"@type":"ImageObject","inLanguage":"fi","@id":"https:\/\/cltprofi.com\/nl\/#\/schema\/logo\/image\/","url":"http:\/\/cltprofi.com\/wp-content\/uploads\/2021\/10\/CLT-PROFI-LOGO-BROWN.svg","contentUrl":"http:\/\/cltprofi.com\/wp-content\/uploads\/2021\/10\/CLT-PROFI-LOGO-BROWN.svg","width":94,"height":57,"caption":"CLT Profi"},"image":{"@id":"https:\/\/cltprofi.com\/nl\/#\/schema\/logo\/image\/"}}]}},"_links":{"self":[{"href":"https:\/\/cltprofi.com\/fi\/wp-json\/wp\/v2\/pages\/4381"}],"collection":[{"href":"https:\/\/cltprofi.com\/fi\/wp-json\/wp\/v2\/pages"}],"about":[{"href":"https:\/\/cltprofi.com\/fi\/wp-json\/wp\/v2\/types\/page"}],"author":[{"embeddable":true,"href":"https:\/\/cltprofi.com\/fi\/wp-json\/wp\/v2\/users\/1"}],"replies":[{"embeddable":true,"href":"https:\/\/cltprofi.com\/fi\/wp-json\/wp\/v2\/comments?post=4381"}],"version-history":[{"count":1,"href":"https:\/\/cltprofi.com\/fi\/wp-json\/wp\/v2\/pages\/4381\/revisions"}],"predecessor-version":[{"id":4382,"href":"https:\/\/cltprofi.com\/fi\/wp-json\/wp\/v2\/pages\/4381\/revisions\/4382"}],"wp:featuredmedia":[{"embeddable":true,"href":"https:\/\/cltprofi.com\/fi\/wp-json\/wp\/v2\/media\/2637"}],"wp:attachment":[{"href":"https:\/\/cltprofi.com\/fi\/wp-json\/wp\/v2\/media?parent=4381"}],"curies":[{"name":"wp","href":"https:\/\/api.w.org\/{rel}","templated":true}]}}